{"id":30,"date":"2017-03-20T16:59:45","date_gmt":"2017-03-20T16:59:45","guid":{"rendered":"http:\/\/www.donalphonso.com\/?page_id=30"},"modified":"2017-03-20T16:59:45","modified_gmt":"2017-03-20T16:59:45","slug":"wer-war-alfons-czeskleba","status":"publish","type":"page","link":"http:\/\/www.donalphonso.com\/index.php\/wer-war-alfons-czeskleba\/","title":{"rendered":"Wer war Alfons Czeskleba"},"content":{"rendered":"<p>Alfons Czeskleba ( Alfonso C. Fabbri ) Freier Schriftsteller und Weltmensch.<br \/>\nIn den Kriegswirren im Kisdorfer Wohld geboren.<br \/>\nLebte zuletzt in Hamburg-Harburg<br \/>\nMitglied im Verband deutscher Schriftsteller in der IG Medien<br \/>\nVer\u00f6ffentlichungen: Kurzprosa, Gedichte In Anthologien, Zeitungen und st\u00e4ndige Ver\u00f6ffentlichungen, Reportagen und Buchbesprechungen in der multikulturellen Zeitung \u201eDie Br\u00fccke. e.V.\u201c in Saarbr\u00fccken.<\/p>\n<p>1985 im Verlag Kultur von unten Gedichte aber keine Sonntagsreden Ungereimtes Heft Nr.: 1<\/p>\n<p>1989 Verlag Trib\u00fcne Berlin Anthologie \u201eNoch lebe Ich\u201c<br \/>\nLuchterhand Literaturverlag: Anthologie \u201eIn die Flucht geschlagen\u201c<br \/>\nGeschichten und Gedichte aus dem bundesdeutschen Asyl<br \/>\nPeter Hahnelt Verlag Hamburg: Anthologie \u201eSchmerzmuster\u201c Texte aus der Werkstatt schreibender Arbeitsloser<\/p>\n<p>1991 Verlag die Br\u00fccke e. V Saarbr\u00fccken: Anthologie \u201eUnterwegs Spur um Spur\u201c<br \/>\nLyrik im Wettbewerb Platz 12.<\/p>\n<p>1992 Verlag Edition L: Anthologie \u201eNacht lichter als der Tag\u201c<\/p>\n<p>1994 Verlag Kultur von unten und die Br\u00fccke e.V. Saarbr\u00fccke<br \/>\n\u201ein flagranti\u201c eine Gesellschaft auf frischer Tat ertappt (Gedichte)<\/p>\n<p>1995-96 Verlag Kultur von unten Hamburg<br \/>\nNeue Anarchie &amp; Allgegenwartsgedichte Limitierte Auflage<br \/>\nhandsigniert:<\/p>\n<p>2004 St\u00e4ndige Ver\u00f6ffentlichungen im Web-keinverlag.de<\/p>\n<p>2009 von uns gegangen<\/p>\n","protected":false},"excerpt":{"rendered":"<p>Alfons Czeskleba ( Alfonso C. Fabbri ) Freier Schriftsteller und Weltmensch. In den Kriegswirren im Kisdorfer Wohld geboren. Lebte zuletzt in Hamburg-Harburg Mitglied im Verband deutscher Schriftsteller in der IG Medien Ver\u00f6ffentlichungen: Kurzprosa, Gedichte In Anthologien, Zeitungen und st\u00e4ndige Ver\u00f6ffentlichungen, Reportagen und Buchbesprechungen in der multikulturellen Zeitung \u201eDie Br\u00fccke. e.V.\u201c in Saarbr\u00fccken. 1985 im Verlag &hellip; <\/p>\n<p class=\"link-more\"><a href=\"http:\/\/www.donalphonso.com\/index.php\/wer-war-alfons-czeskleba\/\" class=\"more-link\"><span class=\"screen-reader-text\">\u201eWer war Alfons Czeskleba\u201c<\/span> weiterlesen<\/a><\/p>\n","protected":false},"author":1,"featured_media":21,"parent":0,"menu_order":0,"comment_status":"closed","ping_status":"closed","template":"","meta":{"footnotes":""},"class_list":["post-30","page","type-page","status-publish","has-post-thumbnail","hentry"],"_links":{"self":[{"href":"http:\/\/www.donalphonso.com\/index.php\/wp-json\/wp\/v2\/pages\/30","targetHints":{"allow":["GET"]}}],"collection":[{"href":"http:\/\/www.donalphonso.com\/index.php\/wp-json\/wp\/v2\/pages"}],"about":[{"href":"http:\/\/www.donalphonso.com\/index.php\/wp-json\/wp\/v2\/types\/page"}],"author":[{"embeddable":true,"href":"http:\/\/www.donalphonso.com\/index.php\/wp-json\/wp\/v2\/users\/1"}],"replies":[{"embeddable":true,"href":"http:\/\/www.donalphonso.com\/index.php\/wp-json\/wp\/v2\/comments?post=30"}],"version-history":[{"count":0,"href":"http:\/\/www.donalphonso.com\/index.php\/wp-json\/wp\/v2\/pages\/30\/revisions"}],"wp:featuredmedia":[{"embeddable":true,"href":"http:\/\/www.donalphonso.com\/index.php\/wp-json\/wp\/v2\/media\/21"}],"wp:attachment":[{"href":"http:\/\/www.donalphonso.com\/index.php\/wp-json\/wp\/v2\/media?parent=30"}],"curies":[{"name":"wp","href":"https:\/\/api.w.org\/{rel}","templated":true}]}}